{"id":217,"date":"2021-01-12T15:50:37","date_gmt":"2021-01-12T14:50:37","guid":{"rendered":"https:\/\/www.quiben.net\/lenguaespanyola\/?page_id=217"},"modified":"2024-11-26T10:07:01","modified_gmt":"2024-11-26T09:07:01","slug":"lexico","status":"publish","type":"page","link":"https:\/\/www.quiben.net\/lenguaespanyola\/lexico\/","title":{"rendered":"L\u00e9xico y cambio"},"content":{"rendered":"<ul class=\"lcp_catlist\" id=\"lcp_instance_0\"><li><a href=\"https:\/\/www.quiben.net\/lenguaespanyola\/el-lexico-los-diccionarios\/\">El l\u00e9xico. Los diccionarios. El cambio ling\u00fc\u00edstico.<\/a><\/li><\/ul>\n","protected":false},"excerpt":{"rendered":"","protected":false},"author":1,"featured_media":0,"parent":0,"menu_order":0,"comment_status":"closed","ping_status":"closed","template":"","meta":{"footnotes":""},"class_list":["post-217","page","type-page","status-publish"],"_links":{"self":[{"href":"https:\/\/www.quiben.net\/lenguaespanyola\/wp-json\/wp\/v2\/pages\/217","targetHints":{"allow":["GET"]}}],"collection":[{"href":"https:\/\/www.quiben.net\/lenguaespanyola\/wp-json\/wp\/v2\/pages"}],"about":[{"href":"https:\/\/www.quiben.net\/lenguaespanyola\/wp-json\/wp\/v2\/types\/page"}],"author":[{"embeddable":true,"href":"https:\/\/www.quiben.net\/lenguaespanyola\/wp-json\/wp\/v2\/users\/1"}],"replies":[{"embeddable":true,"href":"https:\/\/www.quiben.net\/lenguaespanyola\/wp-json\/wp\/v2\/comments?post=217"}],"version-history":[{"count":2,"href":"https:\/\/www.quiben.net\/lenguaespanyola\/wp-json\/wp\/v2\/pages\/217\/revisions"}],"predecessor-version":[{"id":285,"href":"https:\/\/www.quiben.net\/lenguaespanyola\/wp-json\/wp\/v2\/pages\/217\/revisions\/285"}],"wp:attachment":[{"href":"https:\/\/www.quiben.net\/lenguaespanyola\/wp-json\/wp\/v2\/media?parent=217"}],"curies":[{"name":"wp","href":"https:\/\/api.w.org\/{rel}","templated":true}]}}